{"id":929,"date":"2023-04-05T09:41:36","date_gmt":"2023-04-05T09:41:36","guid":{"rendered":"https:\/\/vitec-gmbh.ch\/?page_id=929"},"modified":"2023-04-09T04:38:29","modified_gmt":"2023-04-09T04:38:29","slug":"waermepumpen","status":"publish","type":"page","link":"https:\/\/vitec-gmbh.ch\/?page_id=929","title":{"rendered":"W\u00e4rmepumpen"},"content":{"rendered":"\t\t<div data-elementor-type=\"wp-page\" data-elementor-id=\"929\" class=\"elementor elementor-929\">\n\t\t\t\t<div class=\"elementor-element elementor-element-afc117b e-flex e-con-boxed e-con e-parent\" data-id=\"afc117b\" data-element_type=\"container\" data-e-type=\"container\">\n\t\t\t\t\t<div class=\"e-con-inner\">\n\t\t<div class=\"elementor-element elementor-element-94354b0 e-con-full e-flex e-con e-parent\" data-id=\"94354b0\" data-element_type=\"container\" data-e-type=\"container\">\n\t\t\t\t<div class=\"elementor-element elementor-element-5432275 elementor-widget elementor-widget-heading\" data-id=\"5432275\" data-element_type=\"widget\" data-e-type=\"widget\" data-widget_type=\"heading.default\">\n\t\t\t\t<div class=\"elementor-widget-container\">\n\t\t\t\t\t<h5 class=\"elementor-heading-title elementor-size-default\">die besten Marken der neuesten Generation<\/h5>\t\t\t\t<\/div>\n\t\t\t\t<\/div>\n\t\t\t\t<\/div>\n\t\t<div class=\"elementor-element elementor-element-bef7ed9 e-con-full e-flex e-con e-parent\" data-id=\"bef7ed9\" data-element_type=\"container\" data-e-type=\"container\">\n\t\t\t\t<div class=\"elementor-element elementor-element-51e30d2 elementor-widget elementor-widget-image\" data-id=\"51e30d2\" data-element_type=\"widget\" data-e-type=\"widget\" data-widget_type=\"image.default\">\n\t\t\t\t<div class=\"elementor-widget-container\">\n\t\t\t\t\t\t\t\t\t\t\t\t\t\t\t<img fetchpriority=\"high\" decoding=\"async\" width=\"1024\" height=\"434\" src=\"https:\/\/vitec-gmbh.ch\/wp-content\/uploads\/2023\/04\/Planning-for-Climate-Change-on-the-Homestead2-1024x434.jpg\" class=\"attachment-large size-large wp-image-1087\" alt=\"\" srcset=\"https:\/\/vitec-gmbh.ch\/wp-content\/uploads\/2023\/04\/Planning-for-Climate-Change-on-the-Homestead2-1024x434.jpg 1024w, https:\/\/vitec-gmbh.ch\/wp-content\/uploads\/2023\/04\/Planning-for-Climate-Change-on-the-Homestead2-300x127.jpg 300w, https:\/\/vitec-gmbh.ch\/wp-content\/uploads\/2023\/04\/Planning-for-Climate-Change-on-the-Homestead2-768x326.jpg 768w, https:\/\/vitec-gmbh.ch\/wp-content\/uploads\/2023\/04\/Planning-for-Climate-Change-on-the-Homestead2.jpg 1389w\" sizes=\"(max-width: 1024px) 100vw, 1024px\" \/>\t\t\t\t\t\t\t\t\t\t\t\t\t\t\t<\/div>\n\t\t\t\t<\/div>\n\t\t\t\t<\/div>\n\t\t\t\t\t<\/div>\n\t\t\t\t<\/div>\n\t\t<div class=\"elementor-element elementor-element-d321d09 e-flex e-con-boxed e-con e-parent\" data-id=\"d321d09\" data-element_type=\"container\" data-e-type=\"container\">\n\t\t\t\t\t<div class=\"e-con-inner\">\n\t\t<div class=\"elementor-element elementor-element-937616f e-con-full e-flex e-con e-parent\" data-id=\"937616f\" data-element_type=\"container\" data-e-type=\"container\">\n\t\t\t\t<div class=\"elementor-element elementor-element-819450a elementor-widget elementor-widget-image\" data-id=\"819450a\" data-element_type=\"widget\" data-e-type=\"widget\" data-widget_type=\"image.default\">\n\t\t\t\t<div class=\"elementor-widget-container\">\n\t\t\t\t\t\t\t\t\t\t\t\t<figure class=\"wp-caption\">\n\t\t\t\t\t\t\t\t\t\t<img decoding=\"async\" width=\"800\" height=\"800\" src=\"https:\/\/vitec-gmbh.ch\/wp-content\/uploads\/2023\/04\/ThermaR32.jpg\" class=\"attachment-large size-large wp-image-1179\" alt=\"\" srcset=\"https:\/\/vitec-gmbh.ch\/wp-content\/uploads\/2023\/04\/ThermaR32.jpg 800w, https:\/\/vitec-gmbh.ch\/wp-content\/uploads\/2023\/04\/ThermaR32-300x300.jpg 300w, https:\/\/vitec-gmbh.ch\/wp-content\/uploads\/2023\/04\/ThermaR32-150x150.jpg 150w, https:\/\/vitec-gmbh.ch\/wp-content\/uploads\/2023\/04\/ThermaR32-768x768.jpg 768w\" sizes=\"(max-width: 800px) 100vw, 800px\" \/>\t\t\t\t\t\t\t\t\t\t\t<figcaption class=\"widget-image-caption wp-caption-text\">W\u00e4rmepumpen Monoblock<\/figcaption>\n\t\t\t\t\t\t\t\t\t\t<\/figure>\n\t\t\t\t\t\t\t\t\t<\/div>\n\t\t\t\t<\/div>\n\t\t\t\t<\/div>\n\t\t<div class=\"elementor-element elementor-element-2c88605 e-con-full e-flex e-con e-parent\" data-id=\"2c88605\" data-element_type=\"container\" data-e-type=\"container\">\n\t\t\t\t<div class=\"elementor-element elementor-element-a0b5000 elementor-widget elementor-widget-image\" data-id=\"a0b5000\" data-element_type=\"widget\" data-e-type=\"widget\" data-widget_type=\"image.default\">\n\t\t\t\t<div class=\"elementor-widget-container\">\n\t\t\t\t\t\t\t\t\t\t\t\t<figure class=\"wp-caption\">\n\t\t\t\t\t\t\t\t\t\t<img decoding=\"async\" width=\"800\" height=\"800\" src=\"https:\/\/vitec-gmbh.ch\/wp-content\/uploads\/2023\/04\/Aquarea_Split.jpg\" class=\"attachment-large size-large wp-image-1181\" alt=\"\" srcset=\"https:\/\/vitec-gmbh.ch\/wp-content\/uploads\/2023\/04\/Aquarea_Split.jpg 800w, https:\/\/vitec-gmbh.ch\/wp-content\/uploads\/2023\/04\/Aquarea_Split-300x300.jpg 300w, https:\/\/vitec-gmbh.ch\/wp-content\/uploads\/2023\/04\/Aquarea_Split-150x150.jpg 150w, https:\/\/vitec-gmbh.ch\/wp-content\/uploads\/2023\/04\/Aquarea_Split-768x768.jpg 768w\" sizes=\"(max-width: 800px) 100vw, 800px\" \/>\t\t\t\t\t\t\t\t\t\t\t<figcaption class=\"widget-image-caption wp-caption-text\">W\u00e4rmepumpe Split<\/figcaption>\n\t\t\t\t\t\t\t\t\t\t<\/figure>\n\t\t\t\t\t\t\t\t\t<\/div>\n\t\t\t\t<\/div>\n\t\t\t\t<\/div>\n\t\t<div class=\"elementor-element elementor-element-fea7d83 e-con-full e-flex e-con e-parent\" data-id=\"fea7d83\" data-element_type=\"container\" data-e-type=\"container\">\n\t\t\t\t<div class=\"elementor-element elementor-element-20f5d94 elementor-widget elementor-widget-image\" data-id=\"20f5d94\" data-element_type=\"widget\" data-e-type=\"widget\" data-widget_type=\"image.default\">\n\t\t\t\t<div class=\"elementor-widget-container\">\n\t\t\t\t\t\t\t\t\t\t\t\t<figure class=\"wp-caption\">\n\t\t\t\t\t\t\t\t\t\t<img loading=\"lazy\" decoding=\"async\" width=\"750\" height=\"533\" src=\"https:\/\/vitec-gmbh.ch\/wp-content\/uploads\/2023\/04\/Fujitsu.jpg\" class=\"attachment-1536x1536 size-1536x1536 wp-image-1090\" alt=\"\" srcset=\"https:\/\/vitec-gmbh.ch\/wp-content\/uploads\/2023\/04\/Fujitsu.jpg 750w, https:\/\/vitec-gmbh.ch\/wp-content\/uploads\/2023\/04\/Fujitsu-300x213.jpg 300w\" sizes=\"(max-width: 750px) 100vw, 750px\" \/>\t\t\t\t\t\t\t\t\t\t\t<figcaption class=\"widget-image-caption wp-caption-text\">W\u00e4rmepumpe Split + Speicher<\/figcaption>\n\t\t\t\t\t\t\t\t\t\t<\/figure>\n\t\t\t\t\t\t\t\t\t<\/div>\n\t\t\t\t<\/div>\n\t\t\t\t<\/div>\n\t\t\t\t\t<\/div>\n\t\t\t\t<\/div>\n\t\t<div class=\"elementor-element elementor-element-08f4334 e-flex e-con-boxed e-con e-parent\" data-id=\"08f4334\" data-element_type=\"container\" data-e-type=\"container\">\n\t\t\t\t\t<div class=\"e-con-inner\">\n\t\t\t\t\t<\/div>\n\t\t\t\t<\/div>\n\t\t<div class=\"elementor-element elementor-element-517715e e-flex e-con-boxed e-con e-parent\" data-id=\"517715e\" data-element_type=\"container\" data-e-type=\"container\">\n\t\t\t\t\t<div class=\"e-con-inner\">\n\t\t<div class=\"elementor-element elementor-element-e5f5211 e-con-full e-flex e-con e-parent\" data-id=\"e5f5211\" data-element_type=\"container\" data-e-type=\"container\">\n\t\t\t\t<div class=\"elementor-element elementor-element-828d90f elementor-widget__width-initial elementor-widget elementor-widget-image\" data-id=\"828d90f\" data-element_type=\"widget\" data-e-type=\"widget\" data-widget_type=\"image.default\">\n\t\t\t\t<div class=\"elementor-widget-container\">\n\t\t\t\t\t\t\t\t\t\t\t\t\t\t\t<img loading=\"lazy\" decoding=\"async\" width=\"800\" height=\"571\" src=\"https:\/\/vitec-gmbh.ch\/wp-content\/uploads\/2023\/04\/luftwaermepumpe.webp\" class=\"attachment-large size-large wp-image-1188\" alt=\"\" srcset=\"https:\/\/vitec-gmbh.ch\/wp-content\/uploads\/2023\/04\/luftwaermepumpe.webp 800w, https:\/\/vitec-gmbh.ch\/wp-content\/uploads\/2023\/04\/luftwaermepumpe-300x214.webp 300w, https:\/\/vitec-gmbh.ch\/wp-content\/uploads\/2023\/04\/luftwaermepumpe-768x548.webp 768w\" sizes=\"(max-width: 800px) 100vw, 800px\" \/>\t\t\t\t\t\t\t\t\t\t\t\t\t\t\t<\/div>\n\t\t\t\t<\/div>\n\t\t\t\t<\/div>\n\t\t<div class=\"elementor-element elementor-element-5ceebdf e-con-full e-flex e-con e-parent\" data-id=\"5ceebdf\" data-element_type=\"container\" data-e-type=\"container\">\n\t\t\t\t<div class=\"elementor-element elementor-element-5ab405f elementor-widget elementor-widget-image\" data-id=\"5ab405f\" data-element_type=\"widget\" data-e-type=\"widget\" data-widget_type=\"image.default\">\n\t\t\t\t<div class=\"elementor-widget-container\">\n\t\t\t\t\t\t\t\t\t\t\t\t<figure class=\"wp-caption\">\n\t\t\t\t\t\t\t\t\t\t<img loading=\"lazy\" decoding=\"async\" width=\"300\" height=\"300\" src=\"https:\/\/vitec-gmbh.ch\/wp-content\/uploads\/2023\/04\/WP_Boiler-300x300.jpg\" class=\"attachment-medium size-medium wp-image-1124\" alt=\"\" srcset=\"https:\/\/vitec-gmbh.ch\/wp-content\/uploads\/2023\/04\/WP_Boiler-300x300.jpg 300w, https:\/\/vitec-gmbh.ch\/wp-content\/uploads\/2023\/04\/WP_Boiler-150x150.jpg 150w, https:\/\/vitec-gmbh.ch\/wp-content\/uploads\/2023\/04\/WP_Boiler.jpg 500w\" sizes=\"(max-width: 300px) 100vw, 300px\" \/>\t\t\t\t\t\t\t\t\t\t\t<figcaption class=\"widget-image-caption wp-caption-text\">W\u00e4rmepumpe-Boiler<\/figcaption>\n\t\t\t\t\t\t\t\t\t\t<\/figure>\n\t\t\t\t\t\t\t\t\t<\/div>\n\t\t\t\t<\/div>\n\t\t\t\t<\/div>\n\t\t<div class=\"elementor-element elementor-element-035f588 e-con-full e-flex e-con e-parent\" data-id=\"035f588\" data-element_type=\"container\" data-e-type=\"container\">\n\t\t\t\t<div class=\"elementor-element elementor-element-3a63586 elementor-widget elementor-widget-image\" data-id=\"3a63586\" data-element_type=\"widget\" data-e-type=\"widget\" data-widget_type=\"image.default\">\n\t\t\t\t<div class=\"elementor-widget-container\">\n\t\t\t\t\t\t\t\t\t\t\t\t<figure class=\"wp-caption\">\n\t\t\t\t\t\t\t\t\t\t<img loading=\"lazy\" decoding=\"async\" width=\"439\" height=\"349\" src=\"https:\/\/vitec-gmbh.ch\/wp-content\/uploads\/2023\/04\/master_heaters_devices.jpg\" class=\"attachment-large size-large wp-image-1100\" alt=\"\" srcset=\"https:\/\/vitec-gmbh.ch\/wp-content\/uploads\/2023\/04\/master_heaters_devices.jpg 439w, https:\/\/vitec-gmbh.ch\/wp-content\/uploads\/2023\/04\/master_heaters_devices-300x238.jpg 300w\" sizes=\"(max-width: 439px) 100vw, 439px\" \/>\t\t\t\t\t\t\t\t\t\t\t<figcaption class=\"widget-image-caption wp-caption-text\">Master Mobile Heizger\u00e4te<\/figcaption>\n\t\t\t\t\t\t\t\t\t\t<\/figure>\n\t\t\t\t\t\t\t\t\t<\/div>\n\t\t\t\t<\/div>\n\t\t\t\t<\/div>\n\t\t<div class=\"elementor-element elementor-element-b4a9c23 e-con-full e-flex e-con e-parent\" data-id=\"b4a9c23\" data-element_type=\"container\" data-e-type=\"container\">\n\t\t\t\t<div class=\"elementor-element elementor-element-50f69a6 elementor-widget__width-initial elementor-widget elementor-widget-image\" data-id=\"50f69a6\" data-element_type=\"widget\" data-e-type=\"widget\" data-widget_type=\"image.default\">\n\t\t\t\t<div class=\"elementor-widget-container\">\n\t\t\t\t\t\t\t\t\t\t\t\t<figure class=\"wp-caption\">\n\t\t\t\t\t\t\t\t\t\t<img loading=\"lazy\" decoding=\"async\" width=\"500\" height=\"500\" src=\"https:\/\/vitec-gmbh.ch\/wp-content\/uploads\/2023\/04\/9702494_hauptbild.jpg\" class=\"attachment-large size-large wp-image-1113\" alt=\"\" srcset=\"https:\/\/vitec-gmbh.ch\/wp-content\/uploads\/2023\/04\/9702494_hauptbild.jpg 500w, https:\/\/vitec-gmbh.ch\/wp-content\/uploads\/2023\/04\/9702494_hauptbild-300x300.jpg 300w, https:\/\/vitec-gmbh.ch\/wp-content\/uploads\/2023\/04\/9702494_hauptbild-150x150.jpg 150w\" sizes=\"(max-width: 500px) 100vw, 500px\" \/>\t\t\t\t\t\t\t\t\t\t\t<figcaption class=\"widget-image-caption wp-caption-text\">Frischwasser-Stationen<\/figcaption>\n\t\t\t\t\t\t\t\t\t\t<\/figure>\n\t\t\t\t\t\t\t\t\t<\/div>\n\t\t\t\t<\/div>\n\t\t\t\t<\/div>\n\t\t\t\t\t<\/div>\n\t\t\t\t<\/div>\n\t\t\t\t<\/div>\n\t\t","protected":false},"excerpt":{"rendered":"<p>die besten Marken der neuesten Generation W\u00e4rmepumpen Monoblock W\u00e4rmepumpe Split W\u00e4rmepumpe Split + Speicher W\u00e4rmepumpe-Boiler Master Mobile Heizger\u00e4te Frischwasser-Stationen<\/p>\n","protected":false},"author":2,"featured_media":0,"parent":0,"menu_order":0,"comment_status":"closed","ping_status":"closed","template":"","meta":{"site-sidebar-layout":"no-sidebar","site-content-layout":"page-builder","ast-site-content-layout":"default","site-content-style":"default","site-sidebar-style":"default","ast-global-header-display":"","ast-banner-title-visibility":"","ast-main-header-display":"","ast-hfb-above-header-display":"","ast-hfb-below-header-display":"","ast-hfb-mobile-header-display":"","site-post-title":"disabled","ast-breadcrumbs-content":"","ast-featured-img":"disabled","footer-sml-layout":"","ast-disable-related-posts":"","theme-transparent-header-meta":"","adv-header-id-meta":"","stick-header-meta":"","header-above-stick-meta":"","header-main-stick-meta":"","header-below-stick-meta":"","astra-migrate-meta-layouts":"default","ast-page-background-enabled":"default","ast-page-background-meta":{"desktop":{"background-color":"","background-image":"","background-repeat":"repeat","background-position":"center center","background-size":"auto","background-attachment":"scroll","background-type":"","background-media":"","overlay-type":"","overlay-color":"","overlay-opacity":"","overlay-gradient":""},"tablet":{"background-color":"","background-image":"","background-repeat":"repeat","background-position":"center center","background-size":"auto","background-attachment":"scroll","background-type":"","background-media":"","overlay-type":"","overlay-color":"","overlay-opacity":"","overlay-gradient":""},"mobile":{"background-color":"","background-image":"","background-repeat":"repeat","background-position":"center center","background-size":"auto","background-attachment":"scroll","background-type":"","background-media":"","overlay-type":"","overlay-color":"","overlay-opacity":"","overlay-gradient":""}},"ast-content-background-meta":{"desktop":{"background-color":"var(--ast-global-color-5)","background-image":"","background-repeat":"repeat","background-position":"center center","background-size":"auto","background-attachment":"scroll","background-type":"","background-media":"","overlay-type":"","overlay-color":"","overlay-opacity":"","overlay-gradient":""},"tablet":{"background-color":"var(--ast-global-color-5)","background-image":"","background-repeat":"repeat","background-position":"center center","background-size":"auto","background-attachment":"scroll","background-type":"","background-media":"","overlay-type":"","overlay-color":"","overlay-opacity":"","overlay-gradient":""},"mobile":{"background-color":"var(--ast-global-color-5)","background-image":"","background-repeat":"repeat","background-position":"center center","background-size":"auto","background-attachment":"scroll","background-type":"","background-media":"","overlay-type":"","overlay-color":"","overlay-opacity":"","overlay-gradient":""}},"footnotes":""},"class_list":["post-929","page","type-page","status-publish","hentry"],"_links":{"self":[{"href":"https:\/\/vitec-gmbh.ch\/index.php?rest_route=\/wp\/v2\/pages\/929","targetHints":{"allow":["GET"]}}],"collection":[{"href":"https:\/\/vitec-gmbh.ch\/index.php?rest_route=\/wp\/v2\/pages"}],"about":[{"href":"https:\/\/vitec-gmbh.ch\/index.php?rest_route=\/wp\/v2\/types\/page"}],"author":[{"embeddable":true,"href":"https:\/\/vitec-gmbh.ch\/index.php?rest_route=\/wp\/v2\/users\/2"}],"replies":[{"embeddable":true,"href":"https:\/\/vitec-gmbh.ch\/index.php?rest_route=%2Fwp%2Fv2%2Fcomments&post=929"}],"version-history":[{"count":58,"href":"https:\/\/vitec-gmbh.ch\/index.php?rest_route=\/wp\/v2\/pages\/929\/revisions"}],"predecessor-version":[{"id":1210,"href":"https:\/\/vitec-gmbh.ch\/index.php?rest_route=\/wp\/v2\/pages\/929\/revisions\/1210"}],"wp:attachment":[{"href":"https:\/\/vitec-gmbh.ch\/index.php?rest_route=%2Fwp%2Fv2%2Fmedia&parent=929"}],"curies":[{"name":"wp","href":"https:\/\/api.w.org\/{rel}","templated":true}]}}